{"id":106,"date":"2014-09-07T21:28:32","date_gmt":"2014-09-07T21:28:32","guid":{"rendered":"http:\/\/wp.dev\/total-business-1\/?page_id=106"},"modified":"2025-07-24T00:03:42","modified_gmt":"2025-07-24T00:03:42","slug":"home","status":"publish","type":"page","link":"http:\/\/interwebsite.com.ar\/web30\/","title":{"rendered":"Home"},"content":{"rendered":"\n<h1 class=\"wp-block-heading alignwide has-text-align-center\" style=\"font-size:49px\"><strong>InterWebSite de Argentina<\/strong><\/h1>\n\n\n\n<h2 class=\"wp-block-heading has-text-align-center\">Comunicaci\u00f3n Publicitaria por Internet<\/h2>\n\n\n\n<p>Contactanos hoy<\/p>\n\n\n\n<p>\u00abSitios de Venta\u00bbDesarrollo de sitios webs con orientaci\u00f3n en ventas y marketing.<\/p>\n\n\n\n<p>\u00abContenidos Web\u00bb<\/p>\n\n\n\n<p>Desarrollo de contenidos web, analizados y adaptados para cada producto y servicio. Textos, Notas, Videos.<\/p>\n\n\n\n<p>Posicionamiento y promoci\u00f3n permanente de sitios y redes sociales. Org\u00e1nica y por m\u00e9todo pago.<\/p>\n\n\n\n<p>Desarrollo de imagen, logos, marcas, eslogans, posicionamiento de marca online, presentaciones, diapositivas, multimedia, videos.<\/p>\n\n\n\n<p>Trabajamos junto a su negocio pensando ideas y conceptos nuevos bas\u00e1ndonos en la din\u00e1mica del mundo de la publicidad y el marketing en lo virtual.<\/p>\n\n\n\n<p>Trabajamos con redes y estad\u00edsticas para medir resultados positivos y\/o negativos de las acciones de marketing y publicidad. Informes digitales e impresos.<\/p>\n\n\n\n<p><span style=\"font-family: 'Droid Serif';\"><strong><span style=\"font-size: 21px;\"><span style=\"font-family: tahoma,arial,helvetica,sans-serif; font-size: 18px;\">Un poco de historia, muchos cambios&#8230;<\/span><\/span><\/strong><\/span><\/p>\n\n\n\n<p>InterWebSite naci\u00f3 all\u00e1 por el a\u00f1o 1998, cuando reci\u00e9n hac\u00eda 3 a\u00f1os comenzaba a hablarse de Internet. Desde aquel d\u00eda, a hoy d\u00eda ha cambiado much\u00edsimo todo. No solo la comunicaci\u00f3n v\u00eda red, sino los conceptos, y lo m\u00e1s importante&#8230; nosotros, yo y mis pensamientos. Fund\u00e9 InterWebSite con un amigo que si bien hoy sigue ligado a la tecnolog\u00eda trabajando para una gran empresa ya no est\u00e1 en esta firma, con \u00e9l comenzamos casi como jugando al \u00aba ver que pasa\u00bb y as\u00ed fuimos creando y aprendiendo. Yo por mi lado segu\u00ed abocado a la comunicaci\u00f3n publicitaria por Internet. Hubo \u00e9xitos y fracasos y todo sirvi\u00f3 para transformar la modalidad de trabajo y como bien dije antes mi cambio personal.<\/p>\n\n\n\n<p>Hoy d\u00eda mis pilares son&#8230;<\/p>\n\n\n\n<ul class=\"wp-block-list\">\n<li>Escuchar<\/li>\n\n\n\n<li>Disciplina<\/li>\n\n\n\n<li>Vocaci\u00f3n<\/li>\n\n\n\n<li>Pasi\u00f3n<\/li>\n\n\n\n<li>Responsabilidad<\/li>\n\n\n\n<li>Garant\u00eda<\/li>\n<\/ul>\n\n\n\n<p><strong><span style=\"font-size: 18px; font-family: tahoma,arial,helvetica,sans-serif;\">Momentos y eventos&#8230;<\/span><\/strong><\/p>\n","protected":false},"excerpt":{"rendered":"<p>InterWebSite de Argentina Comunicaci\u00f3n Publicitaria por Internet Contactanos hoy \u00abSitios de Venta\u00bbDesarrollo de sitios webs con orientaci\u00f3n en ventas y [&hellip;]<\/p>\n","protected":false},"author":1,"featured_media":0,"parent":0,"menu_order":0,"comment_status":"closed","ping_status":"closed","template":"","meta":{"site-sidebar-layout":"default","site-content-layout":"","ast-site-content-layout":"default","site-content-style":"default","site-sidebar-style":"default","ast-global-header-display":"","ast-banner-title-visibility":"","ast-main-header-display":"","ast-hfb-above-header-display":"","ast-hfb-below-header-display":"","ast-hfb-mobile-header-display":"","site-post-title":"disabled","ast-breadcrumbs-content":"","ast-featured-img":"","footer-sml-layout":"","theme-transparent-header-meta":"","adv-header-id-meta":"","stick-header-meta":"","header-above-stick-meta":"","header-main-stick-meta":"","header-below-stick-meta":"","astra-migrate-meta-layouts":"default","ast-page-background-enabled":"default","ast-page-background-meta":{"desktop":{"background-color":"var(--ast-global-color-5)","background-image":"","background-repeat":"repeat","background-position":"center center","background-size":"auto","background-attachment":"scroll","background-type":"","background-media":"","overlay-type":"","overlay-color":"","overlay-opacity":"","overlay-gradient":""},"tablet":{"background-color":"","background-image":"","background-repeat":"repeat","background-position":"center center","background-size":"auto","background-attachment":"scroll","background-type":"","background-media":"","overlay-type":"","overlay-color":"","overlay-opacity":"","overlay-gradient":""},"mobile":{"background-color":"","background-image":"","background-repeat":"repeat","background-position":"center center","background-size":"auto","background-attachment":"scroll","background-type":"","background-media":"","overlay-type":"","overlay-color":"","overlay-opacity":"","overlay-gradient":""}},"ast-content-background-meta":{"desktop":{"background-color":"var(--ast-global-color-4)","background-image":"","background-repeat":"repeat","background-position":"center center","background-size":"auto","background-attachment":"scroll","background-type":"","background-media":"","overlay-type":"","overlay-color":"","overlay-opacity":"","overlay-gradient":""},"tablet":{"background-color":"var(--ast-global-color-4)","background-image":"","background-repeat":"repeat","background-position":"center center","background-size":"auto","background-attachment":"scroll","background-type":"","background-media":"","overlay-type":"","overlay-color":"","overlay-opacity":"","overlay-gradient":""},"mobile":{"background-color":"var(--ast-global-color-4)","background-image":"","background-repeat":"repeat","background-position":"center center","background-size":"auto","background-attachment":"scroll","background-type":"","background-media":"","overlay-type":"","overlay-color":"","overlay-opacity":"","overlay-gradient":""}},"footnotes":""},"class_list":["post-106","page","type-page","status-publish","hentry"],"jetpack_sharing_enabled":true,"_links":{"self":[{"href":"http:\/\/interwebsite.com.ar\/web30\/wp-json\/wp\/v2\/pages\/106","targetHints":{"allow":["GET"]}}],"collection":[{"href":"http:\/\/interwebsite.com.ar\/web30\/wp-json\/wp\/v2\/pages"}],"about":[{"href":"http:\/\/interwebsite.com.ar\/web30\/wp-json\/wp\/v2\/types\/page"}],"author":[{"embeddable":true,"href":"http:\/\/interwebsite.com.ar\/web30\/wp-json\/wp\/v2\/users\/1"}],"replies":[{"embeddable":true,"href":"http:\/\/interwebsite.com.ar\/web30\/wp-json\/wp\/v2\/comments?post=106"}],"version-history":[{"count":26,"href":"http:\/\/interwebsite.com.ar\/web30\/wp-json\/wp\/v2\/pages\/106\/revisions"}],"predecessor-version":[{"id":957,"href":"http:\/\/interwebsite.com.ar\/web30\/wp-json\/wp\/v2\/pages\/106\/revisions\/957"}],"wp:attachment":[{"href":"http:\/\/interwebsite.com.ar\/web30\/wp-json\/wp\/v2\/media?parent=106"}],"curies":[{"name":"wp","href":"https:\/\/api.w.org\/{rel}","templated":true}]}}